{"id":1358,"date":"2022-05-18T13:25:53","date_gmt":"2022-05-18T12:25:53","guid":{"rendered":"https:\/\/antoniocapozza.it\/?page_id=1358"},"modified":"2025-08-13T11:16:01","modified_gmt":"2025-08-13T10:16:01","slug":"coppettazione","status":"publish","type":"page","link":"https:\/\/antoniocapozza.it\/index.php\/trattamenti\/coppettazione\/","title":{"rendered":"Coppettazione"},"content":{"rendered":"\t\t<div data-elementor-type=\"wp-page\" data-elementor-id=\"1358\" class=\"elementor elementor-1358\" data-elementor-post-type=\"page\">\n\t\t\t\t\t\t<section class=\"elementor-section elementor-top-section elementor-element elementor-element-83746e8 elementor-section-height-min-height elementor-section-boxed elementor-section-height-default elementor-section-items-middle\" data-id=\"83746e8\" data-element_type=\"section\" data-settings=\"{&quot;background_background&quot;:&quot;classic&quot;}\">\n\t\t\t\t\t\t\t<div class=\"elementor-background-overlay\"><\/div>\n\t\t\t\t\t\t\t<div class=\"elementor-container elementor-column-gap-default\">\n\t\t\t\t\t<div class=\"elementor-column elementor-col-100 elementor-top-column elementor-element elementor-element-09faee3\" data-id=\"09faee3\" data-element_type=\"column\">\n\t\t\t<div class=\"elementor-widget-wrap elementor-element-populated\">\n\t\t\t\t\t\t<div class=\"elementor-element elementor-element-c7152a9 elementor-widget elementor-widget-heading\" data-id=\"c7152a9\" data-element_type=\"widget\" data-widget_type=\"heading.default\">\n\t\t\t\t<div class=\"elementor-widget-container\">\n\t\t\t\t\t<h1 class=\"elementor-heading-title elementor-size-default\">coppettazione<\/h1>\t\t\t\t<\/div>\n\t\t\t\t<\/div>\n\t\t\t\t\t<\/div>\n\t\t<\/div>\n\t\t\t\t\t<\/div>\n\t\t<\/section>\n\t\t\t\t<section class=\"elementor-section elementor-top-section elementor-element elementor-element-85e27da elementor-section-boxed elementor-section-height-default elementor-section-height-default\" data-id=\"85e27da\" data-element_type=\"section\">\n\t\t\t\t\t\t<div class=\"elementor-container elementor-column-gap-default\">\n\t\t\t\t\t<div class=\"elementor-column elementor-col-100 elementor-top-column elementor-element elementor-element-15565f6\" data-id=\"15565f6\" data-element_type=\"column\">\n\t\t\t<div class=\"elementor-widget-wrap elementor-element-populated\">\n\t\t\t\t\t\t<div class=\"elementor-element elementor-element-cec403c elementor-widget elementor-widget-spacer\" data-id=\"cec403c\" data-element_type=\"widget\" data-widget_type=\"spacer.default\">\n\t\t\t\t<div class=\"elementor-widget-container\">\n\t\t\t\t\t\t\t<div class=\"elementor-spacer\">\n\t\t\t<div class=\"elementor-spacer-inner\"><\/div>\n\t\t<\/div>\n\t\t\t\t\t\t<\/div>\n\t\t\t\t<\/div>\n\t\t\t\t<div class=\"elementor-element elementor-element-1fef840 elementor-widget elementor-widget-text-editor\" data-id=\"1fef840\" data-element_type=\"widget\" data-widget_type=\"text-editor.default\">\n\t\t\t\t<div class=\"elementor-widget-container\">\n\t\t\t\t\t\t\t\t\t<p style=\"font-weight: 400;\">La <strong>coppettazione<\/strong> \u00e8 una tecnica che prevede l&#8217;utilizzo di coppette poste sulla pelle per creare una pressione negativa (o depressione).<\/p><p>\u00a0<\/p>\t\t\t\t\t\t\t\t<\/div>\n\t\t\t\t<\/div>\n\t\t\t\t\t<\/div>\n\t\t<\/div>\n\t\t\t\t\t<\/div>\n\t\t<\/section>\n\t\t\t\t<section class=\"elementor-section elementor-top-section elementor-element elementor-element-fac6b41 elementor-section-boxed elementor-section-height-default elementor-section-height-default\" data-id=\"fac6b41\" data-element_type=\"section\">\n\t\t\t\t\t\t<div class=\"elementor-container elementor-column-gap-default\">\n\t\t\t\t\t<div class=\"elementor-column elementor-col-16 elementor-top-column elementor-element elementor-element-e9b0101\" data-id=\"e9b0101\" data-element_type=\"column\">\n\t\t\t<div class=\"elementor-widget-wrap\">\n\t\t\t\t\t\t\t<\/div>\n\t\t<\/div>\n\t\t\t\t<div class=\"elementor-column elementor-col-66 elementor-top-column elementor-element elementor-element-f6f4d0c\" data-id=\"f6f4d0c\" data-element_type=\"column\">\n\t\t\t<div class=\"elementor-widget-wrap elementor-element-populated\">\n\t\t\t\t\t\t<div class=\"elementor-element elementor-element-b7a6186 elementor-widget elementor-widget-image\" data-id=\"b7a6186\" data-element_type=\"widget\" data-widget_type=\"image.default\">\n\t\t\t\t<div class=\"elementor-widget-container\">\n\t\t\t\t\t\t\t\t\t\t\t\t\t\t\t<img fetchpriority=\"high\" decoding=\"async\" width=\"1024\" height=\"683\" src=\"https:\/\/antoniocapozza.it\/wp-content\/uploads\/2022\/08\/DSC01650_web.jpg\" class=\"attachment-full size-full wp-image-2160\" alt=\"\" srcset=\"https:\/\/antoniocapozza.it\/wp-content\/uploads\/2022\/08\/DSC01650_web.jpg 1024w, https:\/\/antoniocapozza.it\/wp-content\/uploads\/2022\/08\/DSC01650_web-300x200.jpg 300w, https:\/\/antoniocapozza.it\/wp-content\/uploads\/2022\/08\/DSC01650_web-768x512.jpg 768w\" sizes=\"(max-width: 1024px) 100vw, 1024px\" \/>\t\t\t\t\t\t\t\t\t\t\t\t\t\t\t<\/div>\n\t\t\t\t<\/div>\n\t\t\t\t\t<\/div>\n\t\t<\/div>\n\t\t\t\t<div class=\"elementor-column elementor-col-16 elementor-top-column elementor-element elementor-element-06eaf72\" data-id=\"06eaf72\" data-element_type=\"column\">\n\t\t\t<div class=\"elementor-widget-wrap\">\n\t\t\t\t\t\t\t<\/div>\n\t\t<\/div>\n\t\t\t\t\t<\/div>\n\t\t<\/section>\n\t\t\t\t<section class=\"elementor-section elementor-top-section elementor-element elementor-element-de8207a elementor-section-boxed elementor-section-height-default elementor-section-height-default\" data-id=\"de8207a\" data-element_type=\"section\">\n\t\t\t\t\t\t<div class=\"elementor-container elementor-column-gap-default\">\n\t\t\t\t\t<div class=\"elementor-column elementor-col-100 elementor-top-column elementor-element elementor-element-c55315a\" data-id=\"c55315a\" data-element_type=\"column\">\n\t\t\t<div class=\"elementor-widget-wrap elementor-element-populated\">\n\t\t\t\t\t\t<div class=\"elementor-element elementor-element-54b2419 elementor-widget elementor-widget-text-editor\" data-id=\"54b2419\" data-element_type=\"widget\" data-widget_type=\"text-editor.default\">\n\t\t\t\t<div class=\"elementor-widget-container\">\n\t\t\t\t\t\t\t\t\t<p>\u00a0<\/p><p style=\"font-weight: 400;\">La <strong>coppettazione<\/strong> risale ai tempi antichi ed \u00e8 stata utilizzata in tutto il mondo.<\/p><p>\u00a0<\/p><p style=\"font-weight: 400;\">Alcuni esempi:<\/p><p>\u00a0<\/p><p style=\"font-weight: 400;\">&#8211; Nel 400 a.C. <strong>ERODOTO<\/strong> descrisse la coppettazione come trattamento per molti disturbi, tra cui cattiva digestione, mancanza di appetito e mal di testa.<\/p><p>\u00a0<\/p><p style=\"font-weight: 400;\">&#8211; <strong>IPPOCRATE<\/strong> sosteneva la coppettazione per disturbi ginecologici, dolori alla schiena e agli arti, faringite, malattie polmonari e disturbi alle orecchie.<\/p><p>\u00a0<\/p><p style=\"font-weight: 400;\">&#8211; La coppettazione \u00e8 stata menzionata nel famoso Papiro Ebers nell&#8217;<strong>ANTICO EGITTO<\/strong> (1550 a.C.).<\/p><p>\u00a0<\/p><p style=\"font-weight: 400;\">&#8211; In <strong>MEDIO ORIENTE<\/strong>, la coppettazione era sostenuta da eminenti medici come Abu Bakr Al-Razi (854-925 d.C.), Ibn Sina (980-1037 d.C.) e Al- Zahrawi (936-1036 d.C.).<\/p><p>\u00a0<\/p><p style=\"font-weight: 400;\">&#8211; In <strong>CINA<\/strong>, la coppettazione \u00e8 stata registrata come trattamento medico nei testi di Mawangdui Silk (sigillati nel 168 a.C.).<\/p><p>\u00a0<\/p><p style=\"font-weight: 400;\">&#8211; Nell&#8217;<strong>ANTICA EUROPA<\/strong>, nel I secolo d.C., <strong>CELSO<\/strong> consigliava la coppettazione per estrarre il veleno dai morsi e per gli ascessi. Nel II secolo d.C. <strong>ARETEO<\/strong> tratt\u00f2 il prolasso uterino, il colera e l&#8217;epilessia con la coppettazione.<\/p><p>\u00a0<\/p><p style=\"font-weight: 400;\">&#8211; Anche <strong>GALENO<\/strong> \u00e8 stato un sostenitore della coppettazione.<\/p><p>\u00a0<\/p>\t\t\t\t\t\t\t\t<\/div>\n\t\t\t\t<\/div>\n\t\t\t\t\t<\/div>\n\t\t<\/div>\n\t\t\t\t\t<\/div>\n\t\t<\/section>\n\t\t\t\t<section class=\"elementor-section elementor-top-section elementor-element elementor-element-a2a0004 elementor-section-boxed elementor-section-height-default elementor-section-height-default\" data-id=\"a2a0004\" data-element_type=\"section\">\n\t\t\t\t\t\t<div class=\"elementor-container elementor-column-gap-default\">\n\t\t\t\t\t<div class=\"elementor-column elementor-col-16 elementor-top-column elementor-element elementor-element-0454e9c\" data-id=\"0454e9c\" data-element_type=\"column\">\n\t\t\t<div class=\"elementor-widget-wrap\">\n\t\t\t\t\t\t\t<\/div>\n\t\t<\/div>\n\t\t\t\t<div class=\"elementor-column elementor-col-66 elementor-top-column elementor-element elementor-element-f25f708\" data-id=\"f25f708\" data-element_type=\"column\">\n\t\t\t<div class=\"elementor-widget-wrap elementor-element-populated\">\n\t\t\t\t\t\t<div class=\"elementor-element elementor-element-9625a8c elementor-widget elementor-widget-image\" data-id=\"9625a8c\" data-element_type=\"widget\" data-widget_type=\"image.default\">\n\t\t\t\t<div class=\"elementor-widget-container\">\n\t\t\t\t\t\t\t\t\t\t\t\t\t\t\t<img decoding=\"async\" width=\"1024\" height=\"683\" src=\"https:\/\/antoniocapozza.it\/wp-content\/uploads\/2022\/08\/DSC01602_web.jpg\" class=\"attachment-full size-full wp-image-2159\" alt=\"\" srcset=\"https:\/\/antoniocapozza.it\/wp-content\/uploads\/2022\/08\/DSC01602_web.jpg 1024w, https:\/\/antoniocapozza.it\/wp-content\/uploads\/2022\/08\/DSC01602_web-300x200.jpg 300w, https:\/\/antoniocapozza.it\/wp-content\/uploads\/2022\/08\/DSC01602_web-768x512.jpg 768w\" sizes=\"(max-width: 1024px) 100vw, 1024px\" \/>\t\t\t\t\t\t\t\t\t\t\t\t\t\t\t<\/div>\n\t\t\t\t<\/div>\n\t\t\t\t\t<\/div>\n\t\t<\/div>\n\t\t\t\t<div class=\"elementor-column elementor-col-16 elementor-top-column elementor-element elementor-element-a7a353f\" data-id=\"a7a353f\" data-element_type=\"column\">\n\t\t\t<div class=\"elementor-widget-wrap\">\n\t\t\t\t\t\t\t<\/div>\n\t\t<\/div>\n\t\t\t\t\t<\/div>\n\t\t<\/section>\n\t\t\t\t<section class=\"elementor-section elementor-top-section elementor-element elementor-element-3c38ada elementor-section-boxed elementor-section-height-default elementor-section-height-default\" data-id=\"3c38ada\" data-element_type=\"section\">\n\t\t\t\t\t\t<div class=\"elementor-container elementor-column-gap-default\">\n\t\t\t\t\t<div class=\"elementor-column elementor-col-100 elementor-top-column elementor-element elementor-element-9513285\" data-id=\"9513285\" data-element_type=\"column\">\n\t\t\t<div class=\"elementor-widget-wrap elementor-element-populated\">\n\t\t\t\t\t\t<div class=\"elementor-element elementor-element-88204e9 elementor-widget elementor-widget-text-editor\" data-id=\"88204e9\" data-element_type=\"widget\" data-widget_type=\"text-editor.default\">\n\t\t\t\t<div class=\"elementor-widget-container\">\n\t\t\t\t\t\t\t\t\t<p>\u00a0<\/p><p style=\"font-weight: 400;\">Personalmente, con questa pratica, ho tratto con successo molti disturbi quali <strong>mal di testa, dolori muscolari, ansia\/stress\/depressione, insonnia, stitichezza, cellulite, disturbi del sistema linfatico e molti altri<\/strong>.<\/p><p>\u00a0<\/p><p style=\"font-weight: 400;\">Affiancata ad altre pratiche derivanti dalla Medicina Cinese \u00e8 qualcosa di indescrivibilmente efficace e piacevole.<\/p><p>\u00a0<\/p><p style=\"font-weight: 400;\">Le sue principali funzioni sono infatti:<\/p><p>\u00a0<\/p><p style=\"font-weight: 400;\">&#8211; <strong>sciogliere tensioni muscolari<\/strong>, spesso dovute ad eccessivi sforzi fisici (es. sport agonistici) o a situazioni di stress prolungato;<\/p><p>\u00a0<\/p><p style=\"font-weight: 400;\">&#8211; <strong>sbloccare e smuovere tensioni psichiche<\/strong>. Con le coppette si lavora principalmente sui quattro canali di Vescica Urinaria che passano sulla schiena, dove troviamo punti Shu e Ben Shen utilizzati anche in agopuntura;<\/p><p>\u00a0<\/p><p style=\"font-weight: 400;\">&#8211; <strong>stimolare la circolazione sanguigna<\/strong> nei punti in cui vengono applicate le coppette, facilitando l&#8217;eliminazione delle tossine e la rigenerazione dell&#8217;organismo;<\/p><p>\u00a0<\/p><p style=\"font-weight: 400;\">&#8211; <strong>muovere i liquidi evitando ristagni<\/strong>. Viene utilizzata molto spesso e con successo per la cellulite;<\/p><p>\u00a0<\/p>\t\t\t\t\t\t\t\t<\/div>\n\t\t\t\t<\/div>\n\t\t\t\t\t<\/div>\n\t\t<\/div>\n\t\t\t\t\t<\/div>\n\t\t<\/section>\n\t\t\t\t<section class=\"elementor-section elementor-top-section elementor-element elementor-element-a450bfa elementor-section-boxed elementor-section-height-default elementor-section-height-default\" data-id=\"a450bfa\" data-element_type=\"section\">\n\t\t\t\t\t\t<div class=\"elementor-container elementor-column-gap-default\">\n\t\t\t\t\t<div class=\"elementor-column elementor-col-16 elementor-top-column elementor-element elementor-element-60a0d87\" data-id=\"60a0d87\" data-element_type=\"column\">\n\t\t\t<div class=\"elementor-widget-wrap\">\n\t\t\t\t\t\t\t<\/div>\n\t\t<\/div>\n\t\t\t\t<div class=\"elementor-column elementor-col-66 elementor-top-column elementor-element elementor-element-3292f9c\" data-id=\"3292f9c\" data-element_type=\"column\">\n\t\t\t<div class=\"elementor-widget-wrap elementor-element-populated\">\n\t\t\t\t\t\t<div class=\"elementor-element elementor-element-b03b4ad elementor-widget elementor-widget-image\" data-id=\"b03b4ad\" data-element_type=\"widget\" data-widget_type=\"image.default\">\n\t\t\t\t<div class=\"elementor-widget-container\">\n\t\t\t\t\t\t\t\t\t\t\t\t\t\t\t<img decoding=\"async\" width=\"879\" height=\"213\" src=\"https:\/\/antoniocapozza.it\/wp-content\/uploads\/2022\/08\/Segni-coppette_web.jpg\" class=\"attachment-full size-full wp-image-2166\" alt=\"\" srcset=\"https:\/\/antoniocapozza.it\/wp-content\/uploads\/2022\/08\/Segni-coppette_web.jpg 879w, https:\/\/antoniocapozza.it\/wp-content\/uploads\/2022\/08\/Segni-coppette_web-300x73.jpg 300w, https:\/\/antoniocapozza.it\/wp-content\/uploads\/2022\/08\/Segni-coppette_web-768x186.jpg 768w\" sizes=\"(max-width: 879px) 100vw, 879px\" \/>\t\t\t\t\t\t\t\t\t\t\t\t\t\t\t<\/div>\n\t\t\t\t<\/div>\n\t\t\t\t\t<\/div>\n\t\t<\/div>\n\t\t\t\t<div class=\"elementor-column elementor-col-16 elementor-top-column elementor-element elementor-element-1f3cb7b\" data-id=\"1f3cb7b\" data-element_type=\"column\">\n\t\t\t<div class=\"elementor-widget-wrap\">\n\t\t\t\t\t\t\t<\/div>\n\t\t<\/div>\n\t\t\t\t\t<\/div>\n\t\t<\/section>\n\t\t\t\t<section class=\"elementor-section elementor-top-section elementor-element elementor-element-73e8112 elementor-section-boxed elementor-section-height-default elementor-section-height-default\" data-id=\"73e8112\" data-element_type=\"section\">\n\t\t\t\t\t\t<div class=\"elementor-container elementor-column-gap-default\">\n\t\t\t\t\t<div class=\"elementor-column elementor-col-100 elementor-top-column elementor-element elementor-element-9786318\" data-id=\"9786318\" data-element_type=\"column\">\n\t\t\t<div class=\"elementor-widget-wrap elementor-element-populated\">\n\t\t\t\t\t\t<div class=\"elementor-element elementor-element-d4e4ab4 elementor-widget elementor-widget-text-editor\" data-id=\"d4e4ab4\" data-element_type=\"widget\" data-widget_type=\"text-editor.default\">\n\t\t\t\t<div class=\"elementor-widget-container\">\n\t\t\t\t\t\t\t\t\t<p>\u00a0<\/p><p style=\"font-weight: 400;\">Il trattamento con le coppette lascia dei segni sulla pelle per qualche giorno (da 2\/3 a 10) e, il colore dei segni stessi, d\u00e0 un indizio sulla situazione energetica della persona ricevente, che pu\u00f2 essere riassunta a grandi linee in questo modo:<\/p><p>\u00a0<\/p><p style=\"font-weight: 400;\">&#8211; <strong>ROSSO VIVO<\/strong>: quando si ha un eccesso di calore e quindi una possibile infiammazione;<\/p><p>\u00a0<\/p><p style=\"font-weight: 400;\">&#8211; <strong>DA ROSSO INTENSO A MAGENTA<\/strong>: quando il calore \u00e8 cronico e stagnante;<\/p><p>\u00a0<\/p><p style=\"font-weight: 400;\">&#8211; <strong>BLU-VIOLACEO<\/strong>: in caso di ristagno con assenza di calore. In questo caso, il Vento (inteso come patogeno esterno in Medicina Cinese), \u00e8 bloccato in una zona del corpo;<\/p><p>\u00a0<\/p><p style=\"font-weight: 400;\">&#8211; <strong>DA BLU SCURO A VIOLA SCURO TENDENTE AL NERO<\/strong>: accumulo cronico di &#8220;Vento veleno&#8221;. Il sangue nell&#8217;area \u00e8 tossico e deve essere drenato.<\/p><p>\u00a0<\/p><p style=\"font-weight: 400;\">&#8211; <strong>COLORAZIONE SCURA INTENSA<\/strong>: che svanisce dopo la rimozione della coppetta, indica tossine che entrano in profondit\u00e0 nel corpo.<\/p><p>\u00a0<\/p><p style=\"font-weight: 400;\">&#8211; <strong>PALLIDA BIANCASTRA<\/strong>: scarsa circolazione a causa di un blocco energetico. In questo caso \u00e8 bene interrompere immediatamente la coppettazione e scaldare con altre tecniche di moxibustione e massaggi.<\/p><p>\u00a0<\/p><p style=\"font-weight: 400;\">Per ogni tipo di colorazione, l&#8217;operatore prosegue con il trattamento intervenendo <strong>con la tecnica di coppettazione pi\u00f9 consona al caso specifico<\/strong>.<\/p><p>\u00a0<\/p><p style=\"font-weight: 400;\">Questo per\u00f2 \u00e8 ci\u00f2 a cui dobbiamo pensare noi operatori, in quanto il ricevente deve pensare soltanto a rilassarsi e godersi ogni secondo.<\/p>\t\t\t\t\t\t\t\t<\/div>\n\t\t\t\t<\/div>\n\t\t\t\t\t<\/div>\n\t\t<\/div>\n\t\t\t\t\t<\/div>\n\t\t<\/section>\n\t\t\t\t<section class=\"elementor-section elementor-top-section elementor-element elementor-element-7eccf84 elementor-section-boxed elementor-section-height-default elementor-section-height-default\" data-id=\"7eccf84\" data-element_type=\"section\">\n\t\t\t\t\t\t<div class=\"elementor-container elementor-column-gap-default\">\n\t\t\t\t\t<div class=\"elementor-column elementor-col-16 elementor-top-column elementor-element elementor-element-3387914\" data-id=\"3387914\" data-element_type=\"column\">\n\t\t\t<div class=\"elementor-widget-wrap\">\n\t\t\t\t\t\t\t<\/div>\n\t\t<\/div>\n\t\t\t\t<div class=\"elementor-column elementor-col-66 elementor-top-column elementor-element elementor-element-ccd20d9\" data-id=\"ccd20d9\" data-element_type=\"column\">\n\t\t\t<div class=\"elementor-widget-wrap elementor-element-populated\">\n\t\t\t\t\t\t<div class=\"elementor-element elementor-element-81df955 elementor-widget elementor-widget-image\" data-id=\"81df955\" data-element_type=\"widget\" data-widget_type=\"image.default\">\n\t\t\t\t<div class=\"elementor-widget-container\">\n\t\t\t\t\t\t\t\t\t\t\t\t\t\t\t<img loading=\"lazy\" decoding=\"async\" width=\"792\" height=\"792\" src=\"https:\/\/antoniocapozza.it\/wp-content\/uploads\/2022\/08\/Coppettazione-illustrazione_web.jpg\" class=\"attachment-full size-full wp-image-2165\" alt=\"\" srcset=\"https:\/\/antoniocapozza.it\/wp-content\/uploads\/2022\/08\/Coppettazione-illustrazione_web.jpg 792w, https:\/\/antoniocapozza.it\/wp-content\/uploads\/2022\/08\/Coppettazione-illustrazione_web-300x300.jpg 300w, https:\/\/antoniocapozza.it\/wp-content\/uploads\/2022\/08\/Coppettazione-illustrazione_web-150x150.jpg 150w, https:\/\/antoniocapozza.it\/wp-content\/uploads\/2022\/08\/Coppettazione-illustrazione_web-768x768.jpg 768w\" sizes=\"(max-width: 792px) 100vw, 792px\" \/>\t\t\t\t\t\t\t\t\t\t\t\t\t\t\t<\/div>\n\t\t\t\t<\/div>\n\t\t\t\t\t<\/div>\n\t\t<\/div>\n\t\t\t\t<div class=\"elementor-column elementor-col-16 elementor-top-column elementor-element elementor-element-7251d7f\" data-id=\"7251d7f\" data-element_type=\"column\">\n\t\t\t<div class=\"elementor-widget-wrap\">\n\t\t\t\t\t\t\t<\/div>\n\t\t<\/div>\n\t\t\t\t\t<\/div>\n\t\t<\/section>\n\t\t\t\t<section class=\"elementor-section elementor-top-section elementor-element elementor-element-9de9a28 elementor-section-boxed elementor-section-height-default elementor-section-height-default\" data-id=\"9de9a28\" data-element_type=\"section\">\n\t\t\t\t\t\t<div class=\"elementor-container elementor-column-gap-default\">\n\t\t\t\t\t<div class=\"elementor-column elementor-col-100 elementor-top-column elementor-element elementor-element-b66e50e\" data-id=\"b66e50e\" data-element_type=\"column\">\n\t\t\t<div class=\"elementor-widget-wrap elementor-element-populated\">\n\t\t\t\t\t\t<div class=\"elementor-element elementor-element-9c63e33 elementor-widget elementor-widget-text-editor\" data-id=\"9c63e33\" data-element_type=\"widget\" data-widget_type=\"text-editor.default\">\n\t\t\t\t<div class=\"elementor-widget-container\">\n\t\t\t\t\t\t\t\t\t<p style=\"font-weight: 400;\">La <strong>coppettazione<\/strong> non \u00e8 una pratica rivolta a tutti. \u00c8 bene evitare nei casi in cui si hanno problematiche alla pelle (ad es. dermatiti), malattie del sangue, capillari fragili.<\/p><p>\u00a0<\/p><p style=\"font-weight: 400;\">Nel mio lavoro, il trattamento di <strong>coppettazione<\/strong> \u00e8 <u>sempre<\/u> preceduto:<\/p><p>\u00a0<\/p><p style=\"font-weight: 400;\">&#8211; da un colloquio (pi\u00f9 lungo al primo incontro e di veloce aggiornamento ai successivi);<\/p><p>\u00a0<\/p><p style=\"font-weight: 400;\">&#8211; dall&#8217;ascolto dei <strong>polsi<\/strong>;<\/p><p>\u00a0<\/p><p style=\"font-weight: 400;\">&#8211; dall&#8217;osservazione della <strong>lingua<\/strong>;<\/p><p>\u00a0<\/p><p style=\"font-weight: 400;\">in modo da poter avere, della persona ricevente, un quadro energetico chiaro e ben preciso su cui lavorare.<\/p><p>\u00a0<\/p><p style=\"font-weight: 400;\">Il trattamento di <strong>coppettazione<\/strong> \u00e8 un <strong>trattamento complementare<\/strong>, per cui \u00e8 sempre <strong>preceduto<\/strong> da tecniche di <strong>shiatsu<\/strong> e <strong>riflessologia<\/strong> e\/o integrato da ulteriori pratiche quali la <strong>moxibustione<\/strong>.<\/p>\t\t\t\t\t\t\t\t<\/div>\n\t\t\t\t<\/div>\n\t\t\t\t\t<\/div>\n\t\t<\/div>\n\t\t\t\t\t<\/div>\n\t\t<\/section>\n\t\t\t\t<\/div>\n\t\t","protected":false},"excerpt":{"rendered":"<p>coppettazione La coppettazione \u00e8 una tecnica che prevede l&#8217;utilizzo di coppette poste sulla pelle per creare una pressione negativa (o depressione). \u00a0 \u00a0 La coppettazione risale ai tempi antichi ed \u00e8 stata utilizzata in tutto il mondo. \u00a0 Alcuni esempi: \u00a0 &#8211; Nel 400 a.C. ERODOTO descrisse la coppettazione come trattamento per molti disturbi, tra [&hellip;]<\/p>\n","protected":false},"author":1,"featured_media":0,"parent":1352,"menu_order":0,"comment_status":"closed","ping_status":"closed","template":"","meta":{"site-sidebar-layout":"no-sidebar","site-content-layout":"page-builder","ast-site-content-layout":"default","site-content-style":"default","site-sidebar-style":"default","ast-global-header-display":"","ast-banner-title-visibility":"","ast-main-header-display":"","ast-hfb-above-header-display":"","ast-hfb-below-header-display":"","ast-hfb-mobile-header-display":"","site-post-title":"","ast-breadcrumbs-content":"","ast-featured-img":"disabled","footer-sml-layout":"","theme-transparent-header-meta":"enabled","adv-header-id-meta":"","stick-header-meta":"","header-above-stick-meta":"","header-main-stick-meta":"","header-below-stick-meta":"","astra-migrate-meta-layouts":"default","ast-page-background-enabled":"default","ast-page-background-meta":{"desktop":{"background-color":"var(--ast-global-color-4)","background-image":"","background-repeat":"repeat","background-position":"center center","background-size":"auto","background-attachment":"scroll","background-type":"","background-media":"","overlay-type":"","overlay-color":"","overlay-opacity":"","overlay-gradient":""},"tablet":{"background-color":"","background-image":"","background-repeat":"repeat","background-position":"center center","background-size":"auto","background-attachment":"scroll","background-type":"","background-media":"","overlay-type":"","overlay-color":"","overlay-opacity":"","overlay-gradient":""},"mobile":{"background-color":"","background-image":"","background-repeat":"repeat","background-position":"center center","background-size":"auto","background-attachment":"scroll","background-type":"","background-media":"","overlay-type":"","overlay-color":"","overlay-opacity":"","overlay-gradient":""}},"ast-content-background-meta":{"desktop":{"background-color":"var(--ast-global-color-5)","background-image":"","background-repeat":"repeat","background-position":"center center","background-size":"auto","background-attachment":"scroll","background-type":"","background-media":"","overlay-type":"","overlay-color":"","overlay-opacity":"","overlay-gradient":""},"tablet":{"background-color":"var(--ast-global-color-5)","background-image":"","background-repeat":"repeat","background-position":"center center","background-size":"auto","background-attachment":"scroll","background-type":"","background-media":"","overlay-type":"","overlay-color":"","overlay-opacity":"","overlay-gradient":""},"mobile":{"background-color":"var(--ast-global-color-5)","background-image":"","background-repeat":"repeat","background-position":"center center","background-size":"auto","background-attachment":"scroll","background-type":"","background-media":"","overlay-type":"","overlay-color":"","overlay-opacity":"","overlay-gradient":""}},"footnotes":""},"class_list":["post-1358","page","type-page","status-publish","hentry"],"_links":{"self":[{"href":"https:\/\/antoniocapozza.it\/index.php\/wp-json\/wp\/v2\/pages\/1358","targetHints":{"allow":["GET"]}}],"collection":[{"href":"https:\/\/antoniocapozza.it\/index.php\/wp-json\/wp\/v2\/pages"}],"about":[{"href":"https:\/\/antoniocapozza.it\/index.php\/wp-json\/wp\/v2\/types\/page"}],"author":[{"embeddable":true,"href":"https:\/\/antoniocapozza.it\/index.php\/wp-json\/wp\/v2\/users\/1"}],"replies":[{"embeddable":true,"href":"https:\/\/antoniocapozza.it\/index.php\/wp-json\/wp\/v2\/comments?post=1358"}],"version-history":[{"count":37,"href":"https:\/\/antoniocapozza.it\/index.php\/wp-json\/wp\/v2\/pages\/1358\/revisions"}],"predecessor-version":[{"id":2462,"href":"https:\/\/antoniocapozza.it\/index.php\/wp-json\/wp\/v2\/pages\/1358\/revisions\/2462"}],"up":[{"embeddable":true,"href":"https:\/\/antoniocapozza.it\/index.php\/wp-json\/wp\/v2\/pages\/1352"}],"wp:attachment":[{"href":"https:\/\/antoniocapozza.it\/index.php\/wp-json\/wp\/v2\/media?parent=1358"}],"curies":[{"name":"wp","href":"https:\/\/api.w.org\/{rel}","templated":true}]}}