{"id":1359,"date":"2022-05-18T13:25:53","date_gmt":"2022-05-18T12:25:53","guid":{"rendered":"https:\/\/antoniocapozza.it\/?page_id=1359"},"modified":"2025-08-13T11:34:57","modified_gmt":"2025-08-13T10:34:57","slug":"moxibustione","status":"publish","type":"page","link":"https:\/\/antoniocapozza.it\/index.php\/trattamenti\/moxibustione\/","title":{"rendered":"Moxibustione"},"content":{"rendered":"\t\t<div data-elementor-type=\"wp-page\" data-elementor-id=\"1359\" class=\"elementor elementor-1359\" data-elementor-post-type=\"page\">\n\t\t\t\t\t\t<section class=\"elementor-section elementor-top-section elementor-element elementor-element-83746e8 elementor-section-height-min-height elementor-section-boxed elementor-section-height-default elementor-section-items-middle\" data-id=\"83746e8\" data-element_type=\"section\" data-settings=\"{&quot;background_background&quot;:&quot;classic&quot;}\">\n\t\t\t\t\t\t\t<div class=\"elementor-background-overlay\"><\/div>\n\t\t\t\t\t\t\t<div class=\"elementor-container elementor-column-gap-default\">\n\t\t\t\t\t<div class=\"elementor-column elementor-col-100 elementor-top-column elementor-element elementor-element-09faee3\" data-id=\"09faee3\" data-element_type=\"column\">\n\t\t\t<div class=\"elementor-widget-wrap elementor-element-populated\">\n\t\t\t\t\t\t<div class=\"elementor-element elementor-element-c7152a9 elementor-widget elementor-widget-heading\" data-id=\"c7152a9\" data-element_type=\"widget\" data-widget_type=\"heading.default\">\n\t\t\t\t<div class=\"elementor-widget-container\">\n\t\t\t\t\t<h1 class=\"elementor-heading-title elementor-size-default\">moxibustione<\/h1>\t\t\t\t<\/div>\n\t\t\t\t<\/div>\n\t\t\t\t\t<\/div>\n\t\t<\/div>\n\t\t\t\t\t<\/div>\n\t\t<\/section>\n\t\t\t\t<section class=\"elementor-section elementor-top-section elementor-element elementor-element-348f01f elementor-section-boxed elementor-section-height-default elementor-section-height-default\" data-id=\"348f01f\" data-element_type=\"section\">\n\t\t\t\t\t\t<div class=\"elementor-container elementor-column-gap-default\">\n\t\t\t\t\t<div class=\"elementor-column elementor-col-100 elementor-top-column elementor-element elementor-element-86bca33\" data-id=\"86bca33\" data-element_type=\"column\">\n\t\t\t<div class=\"elementor-widget-wrap elementor-element-populated\">\n\t\t\t\t\t\t<div class=\"elementor-element elementor-element-1c4c344 elementor-widget elementor-widget-spacer\" data-id=\"1c4c344\" data-element_type=\"widget\" data-widget_type=\"spacer.default\">\n\t\t\t\t<div class=\"elementor-widget-container\">\n\t\t\t\t\t\t\t<div class=\"elementor-spacer\">\n\t\t\t<div class=\"elementor-spacer-inner\"><\/div>\n\t\t<\/div>\n\t\t\t\t\t\t<\/div>\n\t\t\t\t<\/div>\n\t\t\t\t<div class=\"elementor-element elementor-element-f3b6c83 elementor-widget elementor-widget-text-editor\" data-id=\"f3b6c83\" data-element_type=\"widget\" data-widget_type=\"text-editor.default\">\n\t\t\t\t<div class=\"elementor-widget-container\">\n\t\t\t\t\t\t\t\t\t<p style=\"font-weight: 400;\">I punti di agopuntura (o agopunti) possono essere stimolati in diversi modi, principalmente:<\/p><p>\u00a0<\/p><p style=\"font-weight: 400;\">&#8211; con l&#8217;<strong>AGOPUNTURA<\/strong>. In Italia pu\u00f2 essere praticata solo da personale medico (in quanto questa pratica, da noi, \u00e8 considerata atto medico). Lo stesso succede in Romania. Mentre in tutti gli altri paesi del mondo (es. Francia, Spagna, Regno Unito, Brasile, ecc.), l&#8217;agopuntura pu\u00f2 essere praticata da chi ha seguito specifici corsi di specializzazione, anche da personale non medico;<\/p><p>\u00a0<\/p><p style=\"font-weight: 400;\">&#8211; con la <strong>DIGITOPRESSIONE<\/strong> (o, appunto, agopressione o acupressure), attraverso pratiche di riflessologia, shiatsu, ecc.;<\/p><p>\u00a0<\/p><p style=\"font-weight: 400;\">&#8211; con la <strong>MOXIBUSTIONE<\/strong>, apportando calore agli agopunti con varie tecniche di moxa diretta o indiretta <em>(tonetsukyu, chinetsukyu, fukaya, ontake, riscaldatori)<\/em>.<\/p><p>\u00a0<\/p>\t\t\t\t\t\t\t\t<\/div>\n\t\t\t\t<\/div>\n\t\t\t\t\t<\/div>\n\t\t<\/div>\n\t\t\t\t\t<\/div>\n\t\t<\/section>\n\t\t\t\t<section class=\"elementor-section elementor-top-section elementor-element elementor-element-7b544cd elementor-section-boxed elementor-section-height-default elementor-section-height-default\" data-id=\"7b544cd\" data-element_type=\"section\">\n\t\t\t\t\t\t<div class=\"elementor-container elementor-column-gap-default\">\n\t\t\t\t\t<div class=\"elementor-column elementor-col-16 elementor-top-column elementor-element elementor-element-54e245b\" data-id=\"54e245b\" data-element_type=\"column\">\n\t\t\t<div class=\"elementor-widget-wrap\">\n\t\t\t\t\t\t\t<\/div>\n\t\t<\/div>\n\t\t\t\t<div class=\"elementor-column elementor-col-66 elementor-top-column elementor-element elementor-element-1716874\" data-id=\"1716874\" data-element_type=\"column\">\n\t\t\t<div class=\"elementor-widget-wrap elementor-element-populated\">\n\t\t\t\t\t\t<div class=\"elementor-element elementor-element-890e584 elementor-widget elementor-widget-image\" data-id=\"890e584\" data-element_type=\"widget\" data-widget_type=\"image.default\">\n\t\t\t\t<div class=\"elementor-widget-container\">\n\t\t\t\t\t\t\t\t\t\t\t\t\t\t\t<img fetchpriority=\"high\" decoding=\"async\" width=\"1024\" height=\"683\" src=\"https:\/\/antoniocapozza.it\/wp-content\/uploads\/2022\/08\/DSC01429_web.jpg\" class=\"attachment-full size-full wp-image-2145\" alt=\"\" srcset=\"https:\/\/antoniocapozza.it\/wp-content\/uploads\/2022\/08\/DSC01429_web.jpg 1024w, https:\/\/antoniocapozza.it\/wp-content\/uploads\/2022\/08\/DSC01429_web-300x200.jpg 300w, https:\/\/antoniocapozza.it\/wp-content\/uploads\/2022\/08\/DSC01429_web-768x512.jpg 768w\" sizes=\"(max-width: 1024px) 100vw, 1024px\" \/>\t\t\t\t\t\t\t\t\t\t\t\t\t\t\t<\/div>\n\t\t\t\t<\/div>\n\t\t\t\t\t<\/div>\n\t\t<\/div>\n\t\t\t\t<div class=\"elementor-column elementor-col-16 elementor-top-column elementor-element elementor-element-0a7cebb\" data-id=\"0a7cebb\" data-element_type=\"column\">\n\t\t\t<div class=\"elementor-widget-wrap\">\n\t\t\t\t\t\t\t<\/div>\n\t\t<\/div>\n\t\t\t\t\t<\/div>\n\t\t<\/section>\n\t\t\t\t<section class=\"elementor-section elementor-top-section elementor-element elementor-element-6ae788f elementor-section-boxed elementor-section-height-default elementor-section-height-default\" data-id=\"6ae788f\" data-element_type=\"section\">\n\t\t\t\t\t\t<div class=\"elementor-container elementor-column-gap-default\">\n\t\t\t\t\t<div class=\"elementor-column elementor-col-100 elementor-top-column elementor-element elementor-element-7cc80a8\" data-id=\"7cc80a8\" data-element_type=\"column\">\n\t\t\t<div class=\"elementor-widget-wrap elementor-element-populated\">\n\t\t\t\t\t\t<div class=\"elementor-element elementor-element-71fafcd elementor-widget elementor-widget-text-editor\" data-id=\"71fafcd\" data-element_type=\"widget\" data-widget_type=\"text-editor.default\">\n\t\t\t\t<div class=\"elementor-widget-container\">\n\t\t\t\t\t\t\t\t\t<p>\u00a0<\/p><p style=\"font-weight: 400;\">La <strong>MOXIBUSTIONE<\/strong> si usa con lo scopo di raggiungere i meridiani mediante il calore, permettendo cos\u00ec la dispersione del Freddo, dell\u2019Umidit\u00e0 e del Vento all\u2019interno dell\u2019organismo.<\/p><p>\u00a0<\/p><p style=\"font-weight: 400;\">Inoltre, il calore \u00e8 in grado di armonizzare l\u2019energia e operare <strong>un\u2019azione tonificante<\/strong>, utile per la prevenzione delle malattie epidemiche come le sindromi influenzali e per il trattamento di tantissime altre disarmonie, tra cui:<\/p><p>\u00a0<\/p><p style=\"font-weight: 400;\">&#8211; <strong>blocchi digestivi<\/strong> (\u00e8 una tecnica d\u2019urgenza che insegno in studio ai miei riceventi, da utilizzare in caso di <span style=\"text-decoration: underline;\">congestione<\/span>. Risolve la problematica nel giro di pochi minuti);<\/p><p>\u00a0<\/p><p style=\"font-weight: 400;\">&#8211; <strong>contratture muscolari o dolori articolari<\/strong>;<\/p><p>\u00a0<\/p><p style=\"font-weight: 400;\">&#8211; <strong>dolori al collo e alle spalle<\/strong>;<\/p><p>\u00a0<\/p><p style=\"font-weight: 400;\">&#8211; <strong>feto podalico<\/strong>;<\/p><p>\u00a0<\/p><p style=\"font-weight: 400;\">&#8211; <strong>problematiche riguardanti l\u2019apparato genitale sia femminile che maschile<\/strong>;<\/p><p>\u00a0<\/p><p style=\"font-weight: 400;\">&#8211; <strong>situazioni di forte stanchezza, stress e tensione emotiva<\/strong>.<\/p><p>\u00a0<\/p>\t\t\t\t\t\t\t\t<\/div>\n\t\t\t\t<\/div>\n\t\t\t\t\t<\/div>\n\t\t<\/div>\n\t\t\t\t\t<\/div>\n\t\t<\/section>\n\t\t\t\t<section class=\"elementor-section elementor-top-section elementor-element elementor-element-45e325d elementor-section-boxed elementor-section-height-default elementor-section-height-default\" data-id=\"45e325d\" data-element_type=\"section\">\n\t\t\t\t\t\t<div class=\"elementor-container elementor-column-gap-default\">\n\t\t\t\t\t<div class=\"elementor-column elementor-col-16 elementor-top-column elementor-element elementor-element-399eb36\" data-id=\"399eb36\" data-element_type=\"column\">\n\t\t\t<div class=\"elementor-widget-wrap\">\n\t\t\t\t\t\t\t<\/div>\n\t\t<\/div>\n\t\t\t\t<div class=\"elementor-column elementor-col-66 elementor-top-column elementor-element elementor-element-b814fe5\" data-id=\"b814fe5\" data-element_type=\"column\">\n\t\t\t<div class=\"elementor-widget-wrap elementor-element-populated\">\n\t\t\t\t\t\t<div class=\"elementor-element elementor-element-dcac3a2 elementor-widget elementor-widget-image\" data-id=\"dcac3a2\" data-element_type=\"widget\" data-widget_type=\"image.default\">\n\t\t\t\t<div class=\"elementor-widget-container\">\n\t\t\t\t\t\t\t\t\t\t\t\t\t\t\t<img decoding=\"async\" width=\"1024\" height=\"683\" src=\"https:\/\/antoniocapozza.it\/wp-content\/uploads\/2022\/08\/DSC01435.jpg\" class=\"attachment-full size-full wp-image-2144\" alt=\"\" srcset=\"https:\/\/antoniocapozza.it\/wp-content\/uploads\/2022\/08\/DSC01435.jpg 1024w, https:\/\/antoniocapozza.it\/wp-content\/uploads\/2022\/08\/DSC01435-300x200.jpg 300w, https:\/\/antoniocapozza.it\/wp-content\/uploads\/2022\/08\/DSC01435-768x512.jpg 768w\" sizes=\"(max-width: 1024px) 100vw, 1024px\" \/>\t\t\t\t\t\t\t\t\t\t\t\t\t\t\t<\/div>\n\t\t\t\t<\/div>\n\t\t\t\t\t<\/div>\n\t\t<\/div>\n\t\t\t\t<div class=\"elementor-column elementor-col-16 elementor-top-column elementor-element elementor-element-8fc4aa4\" data-id=\"8fc4aa4\" data-element_type=\"column\">\n\t\t\t<div class=\"elementor-widget-wrap\">\n\t\t\t\t\t\t\t<\/div>\n\t\t<\/div>\n\t\t\t\t\t<\/div>\n\t\t<\/section>\n\t\t\t\t<section class=\"elementor-section elementor-top-section elementor-element elementor-element-8b1f6af elementor-section-boxed elementor-section-height-default elementor-section-height-default\" data-id=\"8b1f6af\" data-element_type=\"section\">\n\t\t\t\t\t\t<div class=\"elementor-container elementor-column-gap-default\">\n\t\t\t\t\t<div class=\"elementor-column elementor-col-100 elementor-top-column elementor-element elementor-element-035bbc7\" data-id=\"035bbc7\" data-element_type=\"column\">\n\t\t\t<div class=\"elementor-widget-wrap elementor-element-populated\">\n\t\t\t\t\t\t<div class=\"elementor-element elementor-element-8b3774c elementor-widget elementor-widget-text-editor\" data-id=\"8b3774c\" data-element_type=\"widget\" data-widget_type=\"text-editor.default\">\n\t\t\t\t<div class=\"elementor-widget-container\">\n\t\t\t\t\t\t\t\t\t<p>\u00a0<\/p><p style=\"font-weight: 400;\">Pensate che in Cina, quando si parla di agopuntura, si usa la parola \u201czhen jiu\u201d che significa <strong>AGOPUNTURA<\/strong> e <strong>MOXIBUSTIONE<\/strong>: questo spiega che la moxibustione \u00e8, fin dall\u2019antichit\u00e0, associata all\u2019agopuntura (lavora sugli stessi punti).<\/p><p>\u00a0<\/p><p style=\"font-weight: 400;\">In realt\u00e0 il termine moxa non \u00e8 di orgine cinese ma giapponese. \u00c8 nato ispirandosi alla parola giapponese \u201cmoekusa\u201d che significa \u201cerba che brucia\u201d.<\/p><p>\u00a0<\/p><p style=\"font-weight: 400;\">I sigari e la lana di moxa sono preparati con <strong>foglie di Artemisia vulgaris<\/strong> che vengono raccolte prima dell\u2019estate, lasciate essiccare al sole e invecchiare per 3\/10 anni. Vengono ripulite della parte lanosa, del gambo e compresse per dar loro la forma di sigari o lasciate sfuse da vendere direttamente come lana di moxa.<\/p><p>\u00a0<\/p><p style=\"font-weight: 400;\">\u00c8 una pratica molto piacevole e rilassante da ricevere. In studio utilizzo la moxibustione come trattamento complementare durante trattamenti di <strong>riflessologia<\/strong>, <strong>shiatsu<\/strong> e <strong>coppettazione<\/strong>.<\/p>\t\t\t\t\t\t\t\t<\/div>\n\t\t\t\t<\/div>\n\t\t\t\t\t<\/div>\n\t\t<\/div>\n\t\t\t\t\t<\/div>\n\t\t<\/section>\n\t\t\t\t<\/div>\n\t\t","protected":false},"excerpt":{"rendered":"<p>moxibustione I punti di agopuntura (o agopunti) possono essere stimolati in diversi modi, principalmente: \u00a0 &#8211; con l&#8217;AGOPUNTURA. In Italia pu\u00f2 essere praticata solo da personale medico (in quanto questa pratica, da noi, \u00e8 considerata atto medico). Lo stesso succede in Romania. Mentre in tutti gli altri paesi del mondo (es. Francia, Spagna, Regno Unito, [&hellip;]<\/p>\n","protected":false},"author":1,"featured_media":0,"parent":1352,"menu_order":0,"comment_status":"closed","ping_status":"closed","template":"","meta":{"site-sidebar-layout":"no-sidebar","site-content-layout":"page-builder","ast-site-content-layout":"default","site-content-style":"default","site-sidebar-style":"default","ast-global-header-display":"","ast-banner-title-visibility":"","ast-main-header-display":"","ast-hfb-above-header-display":"","ast-hfb-below-header-display":"","ast-hfb-mobile-header-display":"","site-post-title":"","ast-breadcrumbs-content":"","ast-featured-img":"disabled","footer-sml-layout":"","theme-transparent-header-meta":"enabled","adv-header-id-meta":"","stick-header-meta":"","header-above-stick-meta":"","header-main-stick-meta":"","header-below-stick-meta":"","astra-migrate-meta-layouts":"default","ast-page-background-enabled":"default","ast-page-background-meta":{"desktop":{"background-color":"var(--ast-global-color-4)","background-image":"","background-repeat":"repeat","background-position":"center center","background-size":"auto","background-attachment":"scroll","background-type":"","background-media":"","overlay-type":"","overlay-color":"","overlay-opacity":"","overlay-gradient":""},"tablet":{"background-color":"","background-image":"","background-repeat":"repeat","background-position":"center center","background-size":"auto","background-attachment":"scroll","background-type":"","background-media":"","overlay-type":"","overlay-color":"","overlay-opacity":"","overlay-gradient":""},"mobile":{"background-color":"","background-image":"","background-repeat":"repeat","background-position":"center center","background-size":"auto","background-attachment":"scroll","background-type":"","background-media":"","overlay-type":"","overlay-color":"","overlay-opacity":"","overlay-gradient":""}},"ast-content-background-meta":{"desktop":{"background-color":"var(--ast-global-color-5)","background-image":"","background-repeat":"repeat","background-position":"center center","background-size":"auto","background-attachment":"scroll","background-type":"","background-media":"","overlay-type":"","overlay-color":"","overlay-opacity":"","overlay-gradient":""},"tablet":{"background-color":"var(--ast-global-color-5)","background-image":"","background-repeat":"repeat","background-position":"center center","background-size":"auto","background-attachment":"scroll","background-type":"","background-media":"","overlay-type":"","overlay-color":"","overlay-opacity":"","overlay-gradient":""},"mobile":{"background-color":"var(--ast-global-color-5)","background-image":"","background-repeat":"repeat","background-position":"center center","background-size":"auto","background-attachment":"scroll","background-type":"","background-media":"","overlay-type":"","overlay-color":"","overlay-opacity":"","overlay-gradient":""}},"footnotes":""},"class_list":["post-1359","page","type-page","status-publish","hentry"],"_links":{"self":[{"href":"https:\/\/antoniocapozza.it\/index.php\/wp-json\/wp\/v2\/pages\/1359","targetHints":{"allow":["GET"]}}],"collection":[{"href":"https:\/\/antoniocapozza.it\/index.php\/wp-json\/wp\/v2\/pages"}],"about":[{"href":"https:\/\/antoniocapozza.it\/index.php\/wp-json\/wp\/v2\/types\/page"}],"author":[{"embeddable":true,"href":"https:\/\/antoniocapozza.it\/index.php\/wp-json\/wp\/v2\/users\/1"}],"replies":[{"embeddable":true,"href":"https:\/\/antoniocapozza.it\/index.php\/wp-json\/wp\/v2\/comments?post=1359"}],"version-history":[{"count":31,"href":"https:\/\/antoniocapozza.it\/index.php\/wp-json\/wp\/v2\/pages\/1359\/revisions"}],"predecessor-version":[{"id":2478,"href":"https:\/\/antoniocapozza.it\/index.php\/wp-json\/wp\/v2\/pages\/1359\/revisions\/2478"}],"up":[{"embeddable":true,"href":"https:\/\/antoniocapozza.it\/index.php\/wp-json\/wp\/v2\/pages\/1352"}],"wp:attachment":[{"href":"https:\/\/antoniocapozza.it\/index.php\/wp-json\/wp\/v2\/media?parent=1359"}],"curies":[{"name":"wp","href":"https:\/\/api.w.org\/{rel}","templated":true}]}}